{"id":1591,"date":"2024-04-22T18:18:34","date_gmt":"2024-04-22T18:18:34","guid":{"rendered":"https:\/\/www.evitaklimo.com\/books\/receptar\/"},"modified":"2026-04-12T13:23:42","modified_gmt":"2026-04-12T13:23:42","slug":"cookbook","status":"publish","type":"page","link":"https:\/\/www.evitaklimo.com\/en\/books\/cookbook\/","title":{"rendered":"Realistick\u00fd recept\u00e1r sk\u00fasenej matere"},"content":{"rendered":"\n<h2 class=\"wp-block-heading\"><em>A Raw Unfiltered Cookbook by an Experienced Mother. No Sugar-Coating.<\/em><\/h2>\n\n\n\n<p>Recipes usually begin with something like \u201cprepare the following ingredients.\u201d<\/p>\n\n\n\n<p>In households with small children, though, cooking or baking rarely starts with ingredients. And definitely not lists of them.<\/p>\n\n\n\n<p>Because first, you have to clear the mess off the kitchen counter. Then find the tools you need\u2014usually in the kids\u2019 play kitchen, because your best wooden spoon has mysteriously gone missing and is currently being used as a drumstick. Then wash the dishes from the last round of cooking\u2014so you actually have something to cook in.<\/p>\n\n\n\n<p>Here you\u2019ll find recipes without a filter.<br>The kind that are born in the middle of chaos.<\/p>\n\n\n\n<p>With a pinch of humor.<br>Okay, sometimes it\u2019s laughter through tears.<\/p>\n\n\n\n<p>You know. Reality.<\/p>\n\n\n\n<p><strong><em>For now, this one lives in Slovak.<\/em><\/strong><\/p>\n","protected":false},"excerpt":{"rendered":"<p>A Raw Unfiltered Cookbook by an Experienced Mother. No Sugar-Coating. Recipes usually begin with something like \u201cprepare the following ingredients.\u201d In households with small children, though, cooking or baking rarely starts with ingredients. And definitely not lists of them. Because first, you have to clear the mess off the kitchen counter. Then find the tools [&hellip;]<\/p>\n","protected":false},"author":2,"featured_media":1593,"parent":1339,"menu_order":0,"comment_status":"open","ping_status":"closed","template":"page-no-title","meta":{"footnotes":""},"class_list":["post-1591","page","type-page","status-publish","has-post-thumbnail","hentry"],"jetpack_sharing_enabled":true,"_links":{"self":[{"href":"https:\/\/www.evitaklimo.com\/en\/wp-json\/wp\/v2\/pages\/1591","targetHints":{"allow":["GET"]}}],"collection":[{"href":"https:\/\/www.evitaklimo.com\/en\/wp-json\/wp\/v2\/pages"}],"about":[{"href":"https:\/\/www.evitaklimo.com\/en\/wp-json\/wp\/v2\/types\/page"}],"author":[{"embeddable":true,"href":"https:\/\/www.evitaklimo.com\/en\/wp-json\/wp\/v2\/users\/2"}],"replies":[{"embeddable":true,"href":"https:\/\/www.evitaklimo.com\/en\/wp-json\/wp\/v2\/comments?post=1591"}],"version-history":[{"count":3,"href":"https:\/\/www.evitaklimo.com\/en\/wp-json\/wp\/v2\/pages\/1591\/revisions"}],"predecessor-version":[{"id":1654,"href":"https:\/\/www.evitaklimo.com\/en\/wp-json\/wp\/v2\/pages\/1591\/revisions\/1654"}],"up":[{"embeddable":true,"href":"https:\/\/www.evitaklimo.com\/en\/wp-json\/wp\/v2\/pages\/1339"}],"wp:featuredmedia":[{"embeddable":true,"href":"https:\/\/www.evitaklimo.com\/en\/wp-json\/wp\/v2\/media\/1593"}],"wp:attachment":[{"href":"https:\/\/www.evitaklimo.com\/en\/wp-json\/wp\/v2\/media?parent=1591"}],"curies":[{"name":"wp","href":"https:\/\/api.w.org\/{rel}","templated":true}]}}