{"id":1567,"date":"2026-04-12T06:43:50","date_gmt":"2026-04-12T06:43:50","guid":{"rendered":"https:\/\/www.evitaklimo.com\/books\/najdolezitejsia-kniha-o-nicom\/"},"modified":"2026-04-12T12:04:15","modified_gmt":"2026-04-12T12:04:15","slug":"the-most-important-book-about-nothing","status":"publish","type":"page","link":"https:\/\/www.evitaklimo.com\/en\/books\/the-most-important-book-about-nothing\/","title":{"rendered":"Najd\u00f4le\u017eitej\u0161ia kniha o ni\u010dom"},"content":{"rendered":"\n<h2 class=\"wp-block-heading\">Najd\u00f4le\u017eitej\u0161ia kniha o ni\u010dom<br>(The Most Important Book About Nothing) \ud83c\uddf8\ud83c\uddf0<\/h2>\n\n\n\n<p>Pssst.<br>Hey, you.<\/p>\n\n\n\n<p>Come here.<br>This is important.<\/p>\n\n\n\n<p>You don\u2019t need this book.<br>Until you do.<\/p>\n\n\n\n<p>This is not something you read.<br>It\u2019s something you either ignore\u2014or follow.<\/p>\n\n\n\n<p>It slows you down.<br>Pulls you out of your head.<br>Back into the moment you\u2019ve been running past.<\/p>\n\n\n\n<p>There\u2019s almost nothing inside.<br>A few words.<br>A breath.<\/p>\n\n\n\n<p>That\u2019s all it takes.<\/p>\n\n\n\n<p>Coming soon.<\/p>\n\n\n\n<figure class=\"wp-block-video\"><video height=\"566\" style=\"aspect-ratio: 566 \/ 566;\" width=\"566\" controls src=\"https:\/\/www.evitaklimo.com\/wp-content\/uploads\/2026\/04\/kniha.mp4\"><\/video><\/figure>\n","protected":false},"excerpt":{"rendered":"<p>Najd\u00f4le\u017eitej\u0161ia kniha o ni\u010dom(The Most Important Book About Nothing) \ud83c\uddf8\ud83c\uddf0 Pssst.Hey, you. Come here.This is important. You don\u2019t need this book.Until you do. This is not something you read.It\u2019s something you either ignore\u2014or follow. It slows you down.Pulls you out of your head.Back into the moment you\u2019ve been running past. There\u2019s almost nothing inside.A few [&hellip;]<\/p>\n","protected":false},"author":1,"featured_media":0,"parent":1339,"menu_order":0,"comment_status":"closed","ping_status":"closed","template":"","meta":{"footnotes":""},"class_list":["post-1567","page","type-page","status-publish","hentry"],"jetpack_sharing_enabled":true,"_links":{"self":[{"href":"https:\/\/www.evitaklimo.com\/en\/wp-json\/wp\/v2\/pages\/1567","targetHints":{"allow":["GET"]}}],"collection":[{"href":"https:\/\/www.evitaklimo.com\/en\/wp-json\/wp\/v2\/pages"}],"about":[{"href":"https:\/\/www.evitaklimo.com\/en\/wp-json\/wp\/v2\/types\/page"}],"author":[{"embeddable":true,"href":"https:\/\/www.evitaklimo.com\/en\/wp-json\/wp\/v2\/users\/1"}],"replies":[{"embeddable":true,"href":"https:\/\/www.evitaklimo.com\/en\/wp-json\/wp\/v2\/comments?post=1567"}],"version-history":[{"count":5,"href":"https:\/\/www.evitaklimo.com\/en\/wp-json\/wp\/v2\/pages\/1567\/revisions"}],"predecessor-version":[{"id":1626,"href":"https:\/\/www.evitaklimo.com\/en\/wp-json\/wp\/v2\/pages\/1567\/revisions\/1626"}],"up":[{"embeddable":true,"href":"https:\/\/www.evitaklimo.com\/en\/wp-json\/wp\/v2\/pages\/1339"}],"wp:attachment":[{"href":"https:\/\/www.evitaklimo.com\/en\/wp-json\/wp\/v2\/media?parent=1567"}],"curies":[{"name":"wp","href":"https:\/\/api.w.org\/{rel}","templated":true}]}}