{"id":1523,"date":"2026-04-10T17:18:42","date_gmt":"2026-04-10T17:18:42","guid":{"rendered":"https:\/\/www.evitaklimo.com\/?page_id=1523"},"modified":"2026-04-12T06:20:18","modified_gmt":"2026-04-12T06:20:18","slug":"journal","status":"publish","type":"page","link":"https:\/\/www.evitaklimo.com\/en\/journal\/","title":{"rendered":"Journal"},"content":{"rendered":"\n<div class=\"wp-block-group alignfull has-global-padding is-content-justification-center is-layout-constrained wp-container-core-group-is-layout-9f9d62a4 wp-block-group-is-layout-constrained\" style=\"padding-top:var(--wp--preset--spacing--50);padding-right:var(--wp--preset--spacing--50);padding-bottom:var(--wp--preset--spacing--50);padding-left:var(--wp--preset--spacing--50)\">\n<h2 class=\"wp-block-heading has-text-align-center has-large-font-size\">Sometimes life presses so hard something has to come out.<br><br><\/h2>\n\n\n\n<p class=\"has-text-align-center\" style=\"font-size:clamp(0.875rem, 0.875rem + ((1vw - 0.2rem) * 0.208), 1rem);\"><em>It\u2019s not always pretty.<\/em><\/p>\n<\/div>\n\n\n\n<div class=\"wp-block-group alignfull has-background has-global-padding is-content-justification-center is-layout-constrained wp-container-core-group-is-layout-b8c9486b wp-block-group-is-layout-constrained\" style=\"background-color:#ffffff80;margin-top:0;margin-bottom:0;padding-top:0;padding-right:var(--wp--preset--spacing--50);padding-bottom:0;padding-left:var(--wp--preset--spacing--50)\">\n<h4 class=\"wp-block-heading alignwide is-style-default has-text-color has-link-color has-medium-font-size wp-elements-6f59f9abbdb7cdda39e4bcf91b1c3de7\" style=\"color:#009999;padding-top:var(--wp--preset--spacing--30);padding-bottom:0\"><strong>\u25cf SHORTLIST. LITERALLY. <\/strong><\/h4>\n\n\n\n<div class=\"wp-block-query alignwide is-layout-flow wp-block-query-is-layout-flow\">\n<div class=\"wp-block-group has-global-padding is-layout-constrained wp-container-core-group-is-layout-65219610 wp-block-group-is-layout-constrained\" style=\"margin-top:0;margin-bottom:0;padding-top:var(--wp--preset--spacing--20);padding-right:0;padding-bottom:var(--wp--preset--spacing--20);padding-left:0\"><ul class=\"columns-3 alignfull wp-block-post-template is-layout-grid wp-container-core-post-template-is-layout-2d080239 wp-block-post-template-is-layout-grid\"><li class=\"wp-block-post post-1550 post type-post status-publish format-standard has-post-thumbnail hentry category-kreativita category-pisanie category-storytelling tag-55-word-story tag-creative-writing tag-short-story tag-storytelling\">\n<figure style=\"aspect-ratio:16\/9; padding-bottom:var(--wp--preset--spacing--20);margin-bottom:0;\" class=\"wp-block-post-featured-image\"><a href=\"https:\/\/www.evitaklimo.com\/en\/put-to-rest\/\" target=\"_self\"  ><img loading=\"lazy\" decoding=\"async\" width=\"1344\" height=\"896\" src=\"https:\/\/www.evitaklimo.com\/wp-content\/uploads\/2025\/05\/Leonardo_Diffusion_XL_Long_procession_of_people_wearing_black_3.jpg\" class=\"attachment-post-thumbnail size-post-thumbnail wp-post-image\" alt=\"Put to Rest\" style=\"width:100%;height:100%;object-fit:cover;\" srcset=\"https:\/\/www.evitaklimo.com\/wp-content\/uploads\/2025\/05\/Leonardo_Diffusion_XL_Long_procession_of_people_wearing_black_3.jpg 1344w, https:\/\/www.evitaklimo.com\/wp-content\/uploads\/2025\/05\/Leonardo_Diffusion_XL_Long_procession_of_people_wearing_black_3-300x200.jpg 300w, https:\/\/www.evitaklimo.com\/wp-content\/uploads\/2025\/05\/Leonardo_Diffusion_XL_Long_procession_of_people_wearing_black_3-1024x683.jpg 1024w, https:\/\/www.evitaklimo.com\/wp-content\/uploads\/2025\/05\/Leonardo_Diffusion_XL_Long_procession_of_people_wearing_black_3-768x512.jpg 768w\" sizes=\"auto, (max-width: 1344px) 100vw, 1344px\" \/><\/a><\/figure>\n\n\n<div class=\"wp-block-group is-vertical is-nowrap is-layout-flex wp-container-core-group-is-layout-97ba36a5 wp-block-group-is-layout-flex\" style=\"margin-top:var(--wp--preset--spacing--20);padding-top:0\"><h2 class=\"wp-block-post-title has-large-font-size\"><a href=\"https:\/\/www.evitaklimo.com\/en\/put-to-rest\/\" target=\"_self\" >Put to Rest<\/a><\/h2>\n\n<div class=\"wp-block-template-part\">\n\n<div class=\"wp-block-group has-global-padding is-layout-constrained wp-block-group-is-layout-constrained\">\n\t\n\t<div class=\"wp-block-group is-content-justification-left is-layout-flex wp-container-core-group-is-layout-dfe8e91f wp-block-group-is-layout-flex\">\n\t\t<div class=\"wp-block-post-date\"><time datetime=\"2025-05-13T16:57:59+00:00\"><a href=\"https:\/\/www.evitaklimo.com\/en\/put-to-rest\/\">May 13, 2025<\/a><\/time><\/div>\n\n\t\t\n\t\t<p class=\"has-contrast-2-color has-text-color\">\u2014<\/p>\n\t\t\n\n\t\t\n\t\t<p class=\"has-small-font-size has-contrast-2-color has-text-color\">by<\/p>\n\t\t\n\n\t\t<div class=\"wp-block-post-author-name\"><a href=\"https:\/\/www.evitaklimo.com\/en\/author\/ev1t4\/\" target=\"_self\" class=\"wp-block-post-author-name__link\">Evita Klimo<\/a><\/div>\n\n\t\t<div class=\"taxonomy-category wp-block-post-terms\"><span class=\"wp-block-post-terms__prefix\">in <\/span><a href=\"https:\/\/www.evitaklimo.com\/en\/category\/kreativita\/\" rel=\"tag\">kreativita<\/a><span class=\"wp-block-post-terms__separator\">, <\/span><a href=\"https:\/\/www.evitaklimo.com\/en\/category\/pisanie\/\" rel=\"tag\">p\u00edsanie<\/a><span class=\"wp-block-post-terms__separator\">, <\/span><a href=\"https:\/\/www.evitaklimo.com\/en\/category\/storytelling\/\" rel=\"tag\">storytelling<\/a><\/div>\n\n\t<\/div>\n\t\n<\/div>\n\n\n<\/div>\n\n<div class=\"wp-block-post-excerpt has-text-color has-contrast-2-color has-small-font-size wp-container-content-32e3a40d\"><p class=\"wp-block-post-excerpt__excerpt\">Zadanie bolo 55-word story. Ani o slovo menej, ani o slovo viac. Tak\u017ee tu to m\u00e1te. The turnout was great. Everyone came. Hundreds of people joined Grandma\u2019s final journey. After all, she left her mark on them all. Slowly, the procession reached its destination. As the last handful of soil finally fell, they all cheered.&hellip; <\/p><\/div><\/div>\n\n<\/li><li class=\"wp-block-post post-1547 post type-post status-publish format-standard has-post-thumbnail hentry category-kreativita category-pisanie category-storytelling tag-antwerp-diamond-heist tag-creative-writing tag-kurz-pisania tag-udemy\">\n<figure style=\"aspect-ratio:16\/9; padding-bottom:var(--wp--preset--spacing--20);margin-bottom:0;\" class=\"wp-block-post-featured-image\"><a href=\"https:\/\/www.evitaklimo.com\/en\/loose-ends\/\" target=\"_self\"  ><img loading=\"lazy\" decoding=\"async\" width=\"1472\" height=\"832\" src=\"https:\/\/www.evitaklimo.com\/wp-content\/uploads\/2025\/04\/Leonardo_Phoenix_09_A_man_in_his_40s_wearing_running_shoes_ath_1.jpg\" class=\"attachment-post-thumbnail size-post-thumbnail wp-post-image\" alt=\"Loose Ends\" style=\"width:100%;height:100%;object-fit:cover;\" srcset=\"https:\/\/www.evitaklimo.com\/wp-content\/uploads\/2025\/04\/Leonardo_Phoenix_09_A_man_in_his_40s_wearing_running_shoes_ath_1.jpg 1472w, https:\/\/www.evitaklimo.com\/wp-content\/uploads\/2025\/04\/Leonardo_Phoenix_09_A_man_in_his_40s_wearing_running_shoes_ath_1-300x170.jpg 300w, https:\/\/www.evitaklimo.com\/wp-content\/uploads\/2025\/04\/Leonardo_Phoenix_09_A_man_in_his_40s_wearing_running_shoes_ath_1-1024x579.jpg 1024w, https:\/\/www.evitaklimo.com\/wp-content\/uploads\/2025\/04\/Leonardo_Phoenix_09_A_man_in_his_40s_wearing_running_shoes_ath_1-768x434.jpg 768w\" sizes=\"auto, (max-width: 1472px) 100vw, 1472px\" \/><\/a><\/figure>\n\n\n<div class=\"wp-block-group is-vertical is-nowrap is-layout-flex wp-container-core-group-is-layout-97ba36a5 wp-block-group-is-layout-flex\" style=\"margin-top:var(--wp--preset--spacing--20);padding-top:0\"><h2 class=\"wp-block-post-title has-large-font-size\"><a href=\"https:\/\/www.evitaklimo.com\/en\/loose-ends\/\" target=\"_self\" >Loose Ends<\/a><\/h2>\n\n<div class=\"wp-block-template-part\">\n\n<div class=\"wp-block-group has-global-padding is-layout-constrained wp-block-group-is-layout-constrained\">\n\t\n\t<div class=\"wp-block-group is-content-justification-left is-layout-flex wp-container-core-group-is-layout-dfe8e91f wp-block-group-is-layout-flex\">\n\t\t<div class=\"wp-block-post-date\"><time datetime=\"2025-04-30T06:32:18+00:00\"><a href=\"https:\/\/www.evitaklimo.com\/en\/loose-ends\/\">Apr 30, 2025<\/a><\/time><\/div>\n\n\t\t\n\t\t<p class=\"has-contrast-2-color has-text-color\">\u2014<\/p>\n\t\t\n\n\t\t\n\t\t<p class=\"has-small-font-size has-contrast-2-color has-text-color\">by<\/p>\n\t\t\n\n\t\t<div class=\"wp-block-post-author-name\"><a href=\"https:\/\/www.evitaklimo.com\/en\/author\/ev1t4\/\" target=\"_self\" class=\"wp-block-post-author-name__link\">Evita Klimo<\/a><\/div>\n\n\t\t<div class=\"taxonomy-category wp-block-post-terms\"><span class=\"wp-block-post-terms__prefix\">in <\/span><a href=\"https:\/\/www.evitaklimo.com\/en\/category\/kreativita\/\" rel=\"tag\">kreativita<\/a><span class=\"wp-block-post-terms__separator\">, <\/span><a href=\"https:\/\/www.evitaklimo.com\/en\/category\/pisanie\/\" rel=\"tag\">p\u00edsanie<\/a><span class=\"wp-block-post-terms__separator\">, <\/span><a href=\"https:\/\/www.evitaklimo.com\/en\/category\/storytelling\/\" rel=\"tag\">storytelling<\/a><\/div>\n\n\t<\/div>\n\t\n<\/div>\n\n\n<\/div>\n\n<div class=\"wp-block-post-excerpt has-text-color has-contrast-2-color has-small-font-size wp-container-content-32e3a40d\"><p class=\"wp-block-post-excerpt__excerpt\">Kurz tvoriv\u00e9ho p\u00edsania skon\u010dil. M\u00e1m certifik\u00e1t, ale cnie sa mi a utorkov\u00e9 ve\u010dery s\u00fa zrazu divne pr\u00e1zdne. S t\u00fdm treba nie\u010do urobi\u0165. A ke\u010f v\u00e1m v takejto chv\u00edli vesm\u00edr po\u0161le do cesty kurz na Udemy, nem\u00f4\u017eete poveda\u0165 nie. A tak som sa prihl\u00e1sila na Creative Writing s l\u00e1kav\u00fdm podtitulom &#8220;Learn to write engaging Fiction, Poetry,&hellip; <\/p><\/div><\/div>\n\n<\/li><\/ul>\n\n\n<div style=\"margin-top:0;margin-bottom:0;height:min(4rem, 5vw);width:0px\" aria-hidden=\"true\" class=\"wp-block-spacer\"><\/div>\n\n\n<\/div>\n<\/div>\n<\/div>\n\n\n<div class=\"n2_clear\"><ss3-force-full-width data-overflow-x=\"body\" data-horizontal-selector=\"body\"><div class=\"n2-section-smartslider fitvidsignore  n2_clear\" data-ssid=\"7\"><div id=\"n2-ss-7-align\" class=\"n2-ss-align\"><div class=\"n2-padding\"><div id=\"n2-ss-7\" data-creator=\"Smart Slider 3\" data-responsive=\"fullwidth\" class=\"n2-ss-slider n2-ow n2-has-hover n2notransition  \">\n\n\n\n\n\n<div class=\"n2-ss-slider-wrapper-inside\">\n        <div class=\"n2-ss-slider-1 n2_ss__touch_element n2-ow\">\n            <div class=\"n2-ss-slider-2 n2-ow\">\n                                                <div class=\"n2-ss-slider-3 n2-ow\">\n\n                    <div class=\"n2-ss-slide-backgrounds n2-ow-all\"><div class=\"n2-ss-slide-background\" data-public-id=\"1\" data-mode=\"fill\"><div data-color=\"RGBA(255,255,255,0)\" style=\"background-color: RGBA(255,255,255,0);\" class=\"n2-ss-slide-background-color\"><\/div><\/div><div class=\"n2-ss-slide-background\" data-public-id=\"2\" data-mode=\"fill\" aria-hidden=\"true\"><div data-color=\"RGBA(255,255,255,0)\" style=\"background-color: RGBA(255,255,255,0);\" class=\"n2-ss-slide-background-color\"><\/div><\/div><div class=\"n2-ss-slide-background\" data-public-id=\"3\" data-mode=\"fill\" aria-hidden=\"true\"><div data-color=\"RGBA(255,255,255,0)\" style=\"background-color: RGBA(255,255,255,0);\" class=\"n2-ss-slide-background-color\"><\/div><\/div><div class=\"n2-ss-slide-background\" data-public-id=\"4\" data-mode=\"fill\" aria-hidden=\"true\"><div data-color=\"RGBA(255,255,255,0)\" style=\"background-color: RGBA(255,255,255,0);\" class=\"n2-ss-slide-background-color\"><\/div><\/div><div class=\"n2-ss-slide-background\" data-public-id=\"5\" data-mode=\"fill\" aria-hidden=\"true\"><div data-color=\"RGBA(255,255,255,0)\" style=\"background-color: RGBA(255,255,255,0);\" class=\"n2-ss-slide-background-color\"><\/div><\/div><div class=\"n2-ss-slide-background\" data-public-id=\"6\" data-mode=\"fill\" aria-hidden=\"true\"><div data-color=\"RGBA(255,255,255,0)\" style=\"background-color: RGBA(255,255,255,0);\" class=\"n2-ss-slide-background-color\"><\/div><\/div><\/div>                    <div class=\"n2-ss-slider-4 n2-ow\">\n                        <svg xmlns=\"http:\/\/www.w3.org\/2000\/svg\" viewBox=\"0 0 1200 300\" data-related-device=\"desktopPortrait\" class=\"n2-ow n2-ss-preserve-size n2-ss-preserve-size--slider n2-ss-slide-limiter\"><\/svg><div data-first=\"1\" data-slide-duration=\"0\" data-id=\"30\" data-slide-public-id=\"1\" data-title=\"Slide\" class=\"n2-ss-slide n2-ow  n2-ss-slide-30\"><div role=\"note\" class=\"n2-ss-slide--focus\" tabindex=\"-1\">Slide<\/div><div class=\"n2-ss-layers-container n2-ss-slide-limiter n2-ow\"><div class=\"n2-ss-layer n2-ow n-uc-15JnGxMTiE8D\" data-sstype=\"slide\" data-pm=\"default\"><div class=\"n2-ss-layer n2-ow n-uc-qdwOuarxR0yq\" data-pm=\"default\" data-sstype=\"content\" data-hasbackground=\"1\"><div class=\"n2-ss-section-main-content n2-ss-layer-with-background n2-ss-layer-content n2-ow n-uc-qdwOuarxR0yq-inner\"><div class=\"n2-ss-layer n2-ow n-uc-PrlBH6QGpWSg n2-ss-layer--auto\" data-pm=\"normal\" data-sstype=\"layer\"><div id=\"n2-ss-7item1\" class=\"n2-font-d3a7e0301133fa80af0165e0a21f2f2c-hover   n2-ss-item-content n2-ss-text n2-ow\" style=\"display:inline-block;\">\u201cAfter reading it, I started panicking more systematically.\u201d<\/div><\/div><div class=\"n2-ss-layer n2-ow n-uc-xmiTasnINqxZ\" data-pm=\"normal\" data-sstype=\"layer\"><div class=\"n2-ss-item-content n2-ss-text n2-ow-all\"><div class=\"\"><p class=\"n2-font-a843b6be80f9abf7a6ee40a06a56d2d6-paragraph   \">\u2014 Sarah, amateur triathlete<\/p>\n<\/div><\/div><\/div><\/div><\/div><\/div><\/div><\/div><div data-slide-duration=\"0\" data-id=\"31\" data-slide-public-id=\"2\" aria-hidden=\"true\" data-title=\"Slide\" class=\"n2-ss-slide n2-ow  n2-ss-slide-31\"><div role=\"note\" class=\"n2-ss-slide--focus\" tabindex=\"-1\">Slide<\/div><div class=\"n2-ss-layers-container n2-ss-slide-limiter n2-ow\"><div class=\"n2-ss-layer n2-ow n-uc-trQDQUnleJoq\" data-sstype=\"slide\" data-pm=\"default\"><div class=\"n2-ss-layer n2-ow n-uc-0r3lsUSbe3eK\" data-pm=\"default\" data-sstype=\"content\" data-hasbackground=\"1\"><div class=\"n2-ss-section-main-content n2-ss-layer-with-background n2-ss-layer-content n2-ow n-uc-0r3lsUSbe3eK-inner\"><div class=\"n2-ss-layer n2-ow n-uc-7RDQMXVD2cvX n2-ss-layer--auto\" data-pm=\"normal\" data-sstype=\"layer\"><div id=\"n2-ss-7item3\" class=\"n2-font-d3a7e0301133fa80af0165e0a21f2f2c-hover   n2-ss-item-content n2-ss-text n2-ow\" style=\"display:inline-block;\">\u201cA colleague made me read it. Said it was great. Now I can\u2019t stop thinking about it. Ow.\u201d<\/div><\/div><div class=\"n2-ss-layer n2-ow n-uc-nKef2R3Z6Pfk\" data-pm=\"normal\" data-sstype=\"layer\"><div class=\"n2-ss-item-content n2-ss-text n2-ow-all\"><div class=\"\"><p class=\"n2-font-a843b6be80f9abf7a6ee40a06a56d2d6-paragraph   \">\u2014 Susan, accountant<\/p>\n<\/div><\/div><\/div><\/div><\/div><\/div><\/div><\/div><div data-slide-duration=\"0\" data-id=\"32\" data-slide-public-id=\"3\" aria-hidden=\"true\" data-title=\"Slide\" class=\"n2-ss-slide n2-ow  n2-ss-slide-32\"><div role=\"note\" class=\"n2-ss-slide--focus\" tabindex=\"-1\">Slide<\/div><div class=\"n2-ss-layers-container n2-ss-slide-limiter n2-ow\"><div class=\"n2-ss-layer n2-ow n-uc-0q604Y0HHfcQ\" data-sstype=\"slide\" data-pm=\"default\"><div class=\"n2-ss-layer n2-ow n-uc-OXtH4pf4wIpc\" data-pm=\"default\" data-sstype=\"content\" data-hasbackground=\"1\"><div class=\"n2-ss-section-main-content n2-ss-layer-with-background n2-ss-layer-content n2-ow n-uc-OXtH4pf4wIpc-inner\"><div class=\"n2-ss-layer n2-ow n-uc-jgkckIlPuYZy n2-ss-layer--auto\" data-pm=\"normal\" data-sstype=\"layer\"><div id=\"n2-ss-7item5\" class=\"n2-font-d3a7e0301133fa80af0165e0a21f2f2c-hover   n2-ss-item-content n2-ss-text n2-ow\" style=\"display:inline-block;\">\u201cSomething shifted. I stepped away, just in case.\u201d<\/div><\/div><div class=\"n2-ss-layer n2-ow n-uc-G1cEaDoM7rhx\" data-pm=\"normal\" data-sstype=\"layer\"><div class=\"n2-ss-item-content n2-ss-text n2-ow-all\"><div class=\"\"><p class=\"n2-font-a843b6be80f9abf7a6ee40a06a56d2d6-paragraph   \">\u2014 Mark, cautiously optimistic<\/p>\n<\/div><\/div><\/div><\/div><\/div><\/div><\/div><\/div><div data-slide-duration=\"0\" data-id=\"33\" data-slide-public-id=\"4\" aria-hidden=\"true\" data-title=\"Slide\" class=\"n2-ss-slide n2-ow  n2-ss-slide-33\"><div role=\"note\" class=\"n2-ss-slide--focus\" tabindex=\"-1\">Slide<\/div><div class=\"n2-ss-layers-container n2-ss-slide-limiter n2-ow\"><div class=\"n2-ss-layer n2-ow n-uc-k26JGILVP22w\" data-sstype=\"slide\" data-pm=\"default\"><div class=\"n2-ss-layer n2-ow n-uc-U8EoZCFZkml7\" data-pm=\"default\" data-sstype=\"content\" data-hasbackground=\"1\"><div class=\"n2-ss-section-main-content n2-ss-layer-with-background n2-ss-layer-content n2-ow n-uc-U8EoZCFZkml7-inner\"><div class=\"n2-ss-layer n2-ow n-uc-sCL2tnqg5ZUy n2-ss-layer--auto\" data-pm=\"normal\" data-sstype=\"layer\"><div id=\"n2-ss-7item7\" class=\"n2-font-d3a7e0301133fa80af0165e0a21f2f2c-hover   n2-ss-item-content n2-ss-text n2-ow\" style=\"display:inline-block;\">\u201cI read the whole thing. Now I\u2019m afraid to have children.\u201d<br><\/div><\/div><div class=\"n2-ss-layer n2-ow n-uc-pP7H6Om4KbGR\" data-pm=\"normal\" data-sstype=\"layer\"><div class=\"n2-ss-item-content n2-ss-text n2-ow-all\"><div class=\"\"><p class=\"n2-font-a843b6be80f9abf7a6ee40a06a56d2d6-paragraph   \">\u2014 Laura, 8 and a half months pregnant<\/p>\n<\/div><\/div><\/div><\/div><\/div><\/div><\/div><\/div><div data-slide-duration=\"0\" data-id=\"34\" data-slide-public-id=\"5\" aria-hidden=\"true\" data-title=\"Slide\" class=\"n2-ss-slide n2-ow  n2-ss-slide-34\"><div role=\"note\" class=\"n2-ss-slide--focus\" tabindex=\"-1\">Slide<\/div><div class=\"n2-ss-layers-container n2-ss-slide-limiter n2-ow\"><div class=\"n2-ss-layer n2-ow n-uc-alr5FiPYDc4J\" data-sstype=\"slide\" data-pm=\"default\"><div class=\"n2-ss-layer n2-ow n-uc-Y4tUragSnpwd\" data-pm=\"default\" data-sstype=\"content\" data-hasbackground=\"1\"><div class=\"n2-ss-section-main-content n2-ss-layer-with-background n2-ss-layer-content n2-ow n-uc-Y4tUragSnpwd-inner\"><div class=\"n2-ss-layer n2-ow n-uc-VExpWteQwSFv n2-ss-layer--auto\" data-pm=\"normal\" data-sstype=\"layer\"><div id=\"n2-ss-7item9\" class=\"n2-font-d3a7e0301133fa80af0165e0a21f2f2c-hover   n2-ss-item-content n2-ss-text n2-ow\" style=\"display:inline-block;\">\u201cOof. I wouldn\u2019t want that kind of life.\u201d<\/div><\/div><div class=\"n2-ss-layer n2-ow n-uc-OAU17OatePYl\" data-pm=\"normal\" data-sstype=\"layer\"><div class=\"n2-ss-item-content n2-ss-text n2-ow-all\"><div class=\"\"><p class=\"n2-font-a843b6be80f9abf7a6ee40a06a56d2d6-paragraph   \">\u2014 Chloe, influencer<\/p>\n<\/div><\/div><\/div><\/div><\/div><\/div><\/div><\/div><div data-slide-duration=\"0\" data-id=\"35\" data-slide-public-id=\"6\" aria-hidden=\"true\" data-title=\"Slide\" class=\"n2-ss-slide n2-ow  n2-ss-slide-35\"><div role=\"note\" class=\"n2-ss-slide--focus\" tabindex=\"-1\">Slide<\/div><div class=\"n2-ss-layers-container n2-ss-slide-limiter n2-ow\"><div class=\"n2-ss-layer n2-ow n-uc-aBF2Qk2tsaPG\" data-sstype=\"slide\" data-pm=\"default\"><div class=\"n2-ss-layer n2-ow n-uc-c6cc9KPxGAKP\" data-pm=\"default\" data-sstype=\"content\" data-hasbackground=\"1\"><div class=\"n2-ss-section-main-content n2-ss-layer-with-background n2-ss-layer-content n2-ow n-uc-c6cc9KPxGAKP-inner\"><div class=\"n2-ss-layer n2-ow n-uc-zTreOSfDx2TA n2-ss-layer--auto\" data-pm=\"normal\" data-sstype=\"layer\"><div id=\"n2-ss-7item11\" class=\"n2-font-d3a7e0301133fa80af0165e0a21f2f2c-hover   n2-ss-item-content n2-ss-text n2-ow\" style=\"display:inline-block;\">\u201cIt was so interesting I forgot to repeat after him.\u201d<\/div><\/div><div class=\"n2-ss-layer n2-ow n-uc-8mKFtVZ4VWJU\" data-pm=\"normal\" data-sstype=\"layer\"><div class=\"n2-ss-item-content n2-ss-text n2-ow-all\"><div class=\"\"><p class=\"n2-font-a843b6be80f9abf7a6ee40a06a56d2d6-paragraph   \">\u2014 Andrew\u2019s parrot<\/p>\n<\/div><\/div><\/div><\/div><\/div><\/div><\/div><\/div>                    <\/div>\n\n                                    <\/div>\n            <\/div>\n        <\/div>\n        <div class=\"n2-ss-slider-controls n2-ss-slider-controls-absolute-center-bottom\"><div style=\"--widget-offset:20px;\" class=\"n2-ss-widget n2-ss-control-bullet n2-ow-all n2-ss-control-bullet-horizontal\"><div class=\"n2-style-7a56c39aa04b2ae2b8dddc14ca1fc133-simple  nextend-bullet-bar n2-bar-justify-content-center\" role=\"group\" aria-label=\"Choose slide to display.\"><div class=\"n2-bullet n2-style-722f0746ca2c7b9e1b8bdc4bf2d143ed-dot \" style=\"visibility:hidden;\"><\/div><\/div><\/div><\/div><\/div><\/div><ss3-loader><\/ss3-loader><\/div><\/div><div class=\"n2_clear\"><\/div><\/div><\/ss3-force-full-width><\/div>","protected":false},"excerpt":{"rendered":"<p>Sometimes life presses so hard something has to come out. It\u2019s not always pretty. \u25cf SHORTLIST. LITERALLY.<\/p>\n","protected":false},"author":1,"featured_media":0,"parent":0,"menu_order":0,"comment_status":"closed","ping_status":"closed","template":"page-no-title","meta":{"footnotes":""},"class_list":["post-1523","page","type-page","status-publish","hentry"],"jetpack_sharing_enabled":true,"_links":{"self":[{"href":"https:\/\/www.evitaklimo.com\/en\/wp-json\/wp\/v2\/pages\/1523","targetHints":{"allow":["GET"]}}],"collection":[{"href":"https:\/\/www.evitaklimo.com\/en\/wp-json\/wp\/v2\/pages"}],"about":[{"href":"https:\/\/www.evitaklimo.com\/en\/wp-json\/wp\/v2\/types\/page"}],"author":[{"embeddable":true,"href":"https:\/\/www.evitaklimo.com\/en\/wp-json\/wp\/v2\/users\/1"}],"replies":[{"embeddable":true,"href":"https:\/\/www.evitaklimo.com\/en\/wp-json\/wp\/v2\/comments?post=1523"}],"version-history":[{"count":5,"href":"https:\/\/www.evitaklimo.com\/en\/wp-json\/wp\/v2\/pages\/1523\/revisions"}],"predecessor-version":[{"id":1554,"href":"https:\/\/www.evitaklimo.com\/en\/wp-json\/wp\/v2\/pages\/1523\/revisions\/1554"}],"wp:attachment":[{"href":"https:\/\/www.evitaklimo.com\/en\/wp-json\/wp\/v2\/media?parent=1523"}],"curies":[{"name":"wp","href":"https:\/\/api.w.org\/{rel}","templated":true}]}}