{"id":1374,"date":"2026-04-09T21:16:09","date_gmt":"2026-04-09T21:16:09","guid":{"rendered":"https:\/\/www.evitaklimo.com\/expedicie\/"},"modified":"2026-04-11T21:54:37","modified_gmt":"2026-04-11T21:54:37","slug":"expeditions","status":"publish","type":"page","link":"https:\/\/www.evitaklimo.com\/en\/expeditions\/","title":{"rendered":"Expeditions"},"content":{"rendered":"\n<div class=\"wp-block-group alignfull has-global-padding is-content-justification-center is-layout-constrained wp-container-core-group-is-layout-9f9d62a4 wp-block-group-is-layout-constrained\" style=\"padding-top:var(--wp--preset--spacing--50);padding-right:var(--wp--preset--spacing--50);padding-bottom:var(--wp--preset--spacing--50);padding-left:var(--wp--preset--spacing--50)\">\n<h2 class=\"wp-block-heading has-text-align-center has-large-font-size\">You don&#8217;t have to hurry.<\/h2>\n\n\n\n<p class=\"has-text-align-center\"><\/p>\n\n\n\n<div style=\"height:20px\" aria-hidden=\"true\" class=\"wp-block-spacer\"><\/div>\n\n\n\n<p class=\"has-text-align-center\" style=\"font-size:clamp(0.875rem, 0.875rem + ((1vw - 0.2rem) * 0.208), 1rem);\"><em><em><em>I&#8217;ll slow you down anyway.<\/em><\/em><\/em><\/p>\n<\/div>\n\n\n\n<figure class=\"wp-block-image size-large\"><img loading=\"lazy\" decoding=\"async\" width=\"1024\" height=\"575\" src=\"https:\/\/www.evitaklimo.com\/wp-content\/uploads\/2026\/03\/Leonardo_Lightning_XL_A_narrow_overgrown_forest_trail_with_a_s_1-1-1024x575.jpg\" alt=\"\" class=\"wp-image-1281\" srcset=\"https:\/\/www.evitaklimo.com\/wp-content\/uploads\/2026\/03\/Leonardo_Lightning_XL_A_narrow_overgrown_forest_trail_with_a_s_1-1-1024x575.jpg 1024w, https:\/\/www.evitaklimo.com\/wp-content\/uploads\/2026\/03\/Leonardo_Lightning_XL_A_narrow_overgrown_forest_trail_with_a_s_1-1-300x168.jpg 300w, https:\/\/www.evitaklimo.com\/wp-content\/uploads\/2026\/03\/Leonardo_Lightning_XL_A_narrow_overgrown_forest_trail_with_a_s_1-1-768x431.jpg 768w, https:\/\/www.evitaklimo.com\/wp-content\/uploads\/2026\/03\/Leonardo_Lightning_XL_A_narrow_overgrown_forest_trail_with_a_s_1-1-600x337.jpg 600w, https:\/\/www.evitaklimo.com\/wp-content\/uploads\/2026\/03\/Leonardo_Lightning_XL_A_narrow_overgrown_forest_trail_with_a_s_1-1.jpg 1368w\" sizes=\"auto, (max-width: 1024px) 100vw, 1024px\" \/><\/figure>\n\n\n\n<div style=\"height:30px\" aria-hidden=\"true\" class=\"wp-block-spacer\"><\/div>\n\n\n\n<p>Something in you works almost too well.<br>That\u2019s why you keep adding more.<br>Speed. Performance. Control.<br>Until the whole system starts to break.<\/p>\n\n\n\n<p>And here\u2019s the thing.<br>There\u2019s a strange kind of relief in that.<\/p>\n\n\n\n<p>This isn\u2019t about adding even more.<br>Quite the opposite.<\/p>\n\n\n\n<p><strong>But leave that to me.<\/strong><\/p>\n\n\n\n<div style=\"height:60px\" aria-hidden=\"true\" class=\"wp-block-spacer\"><\/div>\n\n\n\n<h5 class=\"wp-block-heading has-large-font-size\"><strong>Expedition into the Depths of Peace<\/strong><\/h5>\n\n\n\n<p>\ud83d\udccd \u017delezn\u00e1 studni\u010dka<br>\ud83d\udcc5 Monday at 8:30<br>\u231a 1.5 \u2013 2 hours<br>\ud83d\udc65 Small group. Max. 5 women.<\/p>\n\n\n\n<p class=\"has-x-large-font-size\"><strong>35 \u20ac<\/strong><\/p>\n\n\n\n<p><em>Dress for the woods. <\/em><br><em>For a little while, you&#8217;ll be able to let everything go.<\/em><\/p>\n\n\n\n<p><em>I&#8217;ll be there with you.<\/em><\/p>\n\n\n\n<div class=\"wp-block-buttons is-layout-flex wp-block-buttons-is-layout-flex\">\n<div class=\"wp-block-button has-custom-width wp-block-button__width-25 is-style-fill\"><a class=\"wp-block-button__link has-background has-small-font-size has-custom-font-size wp-element-button\" style=\"border-top-left-radius:100px;border-top-right-radius:100px;border-bottom-left-radius:100px;border-bottom-right-radius:100px;background-color:#009999\">JOIN ME<\/a><\/div>\n<\/div>\n\n\n\n<p><strong>Full already?<\/strong> We do have a waitlist.<\/p>\n\n\n<div class=\"n2_clear\"><ss3-force-full-width data-overflow-x=\"body\" data-horizontal-selector=\"body\"><div class=\"n2-section-smartslider fitvidsignore  n2_clear\" data-ssid=\"10\"><div id=\"n2-ss-10-align\" class=\"n2-ss-align\"><div class=\"n2-padding\"><div id=\"n2-ss-10\" data-creator=\"Smart Slider 3\" data-responsive=\"fullwidth\" class=\"n2-ss-slider n2-ow n2-has-hover n2notransition  \">\n\n\n\n\n\n<div class=\"n2-ss-slider-wrapper-inside\">\n        <div class=\"n2-ss-slider-1 n2_ss__touch_element n2-ow\">\n            <div class=\"n2-ss-slider-2 n2-ow\">\n                                                <div class=\"n2-ss-slider-3 n2-ow\">\n\n                    <div class=\"n2-ss-slide-backgrounds n2-ow-all\"><div class=\"n2-ss-slide-background\" data-public-id=\"1\" data-mode=\"fill\"><div data-color=\"RGBA(255,255,255,0)\" style=\"background-color: RGBA(255,255,255,0);\" class=\"n2-ss-slide-background-color\"><\/div><\/div><div class=\"n2-ss-slide-background\" data-public-id=\"2\" data-mode=\"fill\" aria-hidden=\"true\"><div data-color=\"RGBA(255,255,255,0)\" style=\"background-color: RGBA(255,255,255,0);\" class=\"n2-ss-slide-background-color\"><\/div><\/div><div class=\"n2-ss-slide-background\" data-public-id=\"3\" data-mode=\"fill\" aria-hidden=\"true\"><div data-color=\"RGBA(255,255,255,0)\" style=\"background-color: RGBA(255,255,255,0);\" class=\"n2-ss-slide-background-color\"><\/div><\/div><div class=\"n2-ss-slide-background\" data-public-id=\"4\" data-mode=\"fill\" aria-hidden=\"true\"><div data-color=\"RGBA(255,255,255,0)\" style=\"background-color: RGBA(255,255,255,0);\" class=\"n2-ss-slide-background-color\"><\/div><\/div><div class=\"n2-ss-slide-background\" data-public-id=\"5\" data-mode=\"fill\" aria-hidden=\"true\"><div data-color=\"RGBA(255,255,255,0)\" style=\"background-color: RGBA(255,255,255,0);\" class=\"n2-ss-slide-background-color\"><\/div><\/div><div class=\"n2-ss-slide-background\" data-public-id=\"6\" data-mode=\"fill\" aria-hidden=\"true\"><div data-color=\"RGBA(255,255,255,0)\" style=\"background-color: RGBA(255,255,255,0);\" class=\"n2-ss-slide-background-color\"><\/div><\/div><\/div>                    <div class=\"n2-ss-slider-4 n2-ow\">\n                        <svg xmlns=\"http:\/\/www.w3.org\/2000\/svg\" viewBox=\"0 0 1200 300\" data-related-device=\"desktopPortrait\" class=\"n2-ow n2-ss-preserve-size n2-ss-preserve-size--slider n2-ss-slide-limiter\"><\/svg><div data-first=\"1\" data-slide-duration=\"0\" data-id=\"49\" data-slide-public-id=\"1\" data-title=\"Slide\" class=\"n2-ss-slide n2-ow  n2-ss-slide-49\"><div role=\"note\" class=\"n2-ss-slide--focus\" tabindex=\"-1\">Slide<\/div><div class=\"n2-ss-layers-container n2-ss-slide-limiter n2-ow\"><div class=\"n2-ss-layer n2-ow n-uc-Hq1DXkRtR33s\" data-sstype=\"slide\" data-pm=\"default\"><div class=\"n2-ss-layer n2-ow n-uc-tCsDCe7UNSFt\" data-pm=\"default\" data-sstype=\"content\" data-hasbackground=\"1\"><div class=\"n2-ss-section-main-content n2-ss-layer-with-background n2-ss-layer-content n2-ow n-uc-tCsDCe7UNSFt-inner\"><div class=\"n2-ss-layer n2-ow n-uc-VUYGCusrp68S n2-ss-layer--auto\" data-pm=\"normal\" data-sstype=\"layer\"><div id=\"n2-ss-10item1\" class=\"n2-font-d3a7e0301133fa80af0165e0a21f2f2c-hover   n2-ss-item-content n2-ss-text n2-ow\" style=\"display:inline-block;\">\u201cI didn\u2019t have a plan for two hours. It still makes me slightly uneasy.\u201d<\/div><\/div><div class=\"n2-ss-layer n2-ow n-uc-1aMe41sbZ6WO\" data-pm=\"normal\" data-sstype=\"layer\"><div class=\"n2-ss-item-content n2-ss-text n2-ow-all\"><div class=\"\"><p class=\"n2-font-a843b6be80f9abf7a6ee40a06a56d2d6-paragraph   \">\u2014 Evelyn, project manager<\/p>\n<\/div><\/div><\/div><\/div><\/div><\/div><\/div><\/div><div data-slide-duration=\"0\" data-id=\"50\" data-slide-public-id=\"2\" aria-hidden=\"true\" data-title=\"Slide\" class=\"n2-ss-slide n2-ow  n2-ss-slide-50\"><div role=\"note\" class=\"n2-ss-slide--focus\" tabindex=\"-1\">Slide<\/div><div class=\"n2-ss-layers-container n2-ss-slide-limiter n2-ow\"><div class=\"n2-ss-layer n2-ow n-uc-B3Ni7L2GUDDX\" data-sstype=\"slide\" data-pm=\"default\"><div class=\"n2-ss-layer n2-ow n-uc-F5My5uDa6GDy\" data-pm=\"default\" data-sstype=\"content\" data-hasbackground=\"1\"><div class=\"n2-ss-section-main-content n2-ss-layer-with-background n2-ss-layer-content n2-ow n-uc-F5My5uDa6GDy-inner\"><div class=\"n2-ss-layer n2-ow n-uc-fq0MiYyLm2fi n2-ss-layer--auto\" data-pm=\"normal\" data-sstype=\"layer\"><div id=\"n2-ss-10item3\" class=\"n2-font-d3a7e0301133fa80af0165e0a21f2f2c-hover   n2-ss-item-content n2-ss-text n2-ow\" style=\"display:inline-block;\">\u201cFor a moment, I stopped being useful. No one died.\u201d<\/div><\/div><div class=\"n2-ss-layer n2-ow n-uc-rDLouSu2TE6u\" data-pm=\"normal\" data-sstype=\"layer\"><div class=\"n2-ss-item-content n2-ss-text n2-ow-all\"><div class=\"\"><p class=\"n2-font-a843b6be80f9abf7a6ee40a06a56d2d6-paragraph   \">\u2014 Jane, pathologist<\/p>\n<\/div><\/div><\/div><\/div><\/div><\/div><\/div><\/div><div data-slide-duration=\"0\" data-id=\"51\" data-slide-public-id=\"3\" aria-hidden=\"true\" data-title=\"Slide\" class=\"n2-ss-slide n2-ow  n2-ss-slide-51\"><div role=\"note\" class=\"n2-ss-slide--focus\" tabindex=\"-1\">Slide<\/div><div class=\"n2-ss-layers-container n2-ss-slide-limiter n2-ow\"><div class=\"n2-ss-layer n2-ow n-uc-vRda4coL8Jw2\" data-sstype=\"slide\" data-pm=\"default\"><div class=\"n2-ss-layer n2-ow n-uc-HzRtiGgryGcK\" data-pm=\"default\" data-sstype=\"content\" data-hasbackground=\"1\"><div class=\"n2-ss-section-main-content n2-ss-layer-with-background n2-ss-layer-content n2-ow n-uc-HzRtiGgryGcK-inner\"><div class=\"n2-ss-layer n2-ow n-uc-qHTp38l5LPp4 n2-ss-layer--auto\" data-pm=\"normal\" data-sstype=\"layer\"><div id=\"n2-ss-10item5\" class=\"n2-font-d3a7e0301133fa80af0165e0a21f2f2c-hover   n2-ss-item-content n2-ss-text n2-ow\" style=\"display:inline-block;\">\u201cThat tree was watching me in a very suspicious way.\u201d<\/div><\/div><div class=\"n2-ss-layer n2-ow n-uc-Z8X5gWHuBKd0\" data-pm=\"normal\" data-sstype=\"layer\"><div class=\"n2-ss-item-content n2-ss-text n2-ow-all\"><div class=\"\"><p class=\"n2-font-a843b6be80f9abf7a6ee40a06a56d2d6-paragraph   \">\u2014 Sophie, mother of two toddlers<\/p>\n<\/div><\/div><\/div><\/div><\/div><\/div><\/div><\/div><div data-slide-duration=\"0\" data-id=\"52\" data-slide-public-id=\"4\" aria-hidden=\"true\" data-title=\"Slide\" class=\"n2-ss-slide n2-ow  n2-ss-slide-52\"><div role=\"note\" class=\"n2-ss-slide--focus\" tabindex=\"-1\">Slide<\/div><div class=\"n2-ss-layers-container n2-ss-slide-limiter n2-ow\"><div class=\"n2-ss-layer n2-ow n-uc-hApz4w7djmGk\" data-sstype=\"slide\" data-pm=\"default\"><div class=\"n2-ss-layer n2-ow n-uc-d1xTPVwzkEBm\" data-pm=\"default\" data-sstype=\"content\" data-hasbackground=\"1\"><div class=\"n2-ss-section-main-content n2-ss-layer-with-background n2-ss-layer-content n2-ow n-uc-d1xTPVwzkEBm-inner\"><div class=\"n2-ss-layer n2-ow n-uc-HYaakIZj51PR n2-ss-layer--auto\" data-pm=\"normal\" data-sstype=\"layer\"><div id=\"n2-ss-10item7\" class=\"n2-font-d3a7e0301133fa80af0165e0a21f2f2c-hover   n2-ss-item-content n2-ss-text n2-ow\" style=\"display:inline-block;\">\u201cNo one gave me 360\u00b0 feedback. Very disappointing.\u201d<\/div><\/div><div class=\"n2-ss-layer n2-ow n-uc-nKEhfrM1ksVP\" data-pm=\"normal\" data-sstype=\"layer\"><div class=\"n2-ss-item-content n2-ss-text n2-ow-all\"><div class=\"\"><p class=\"n2-font-a843b6be80f9abf7a6ee40a06a56d2d6-paragraph   \">\u2014 Kate, HR manager<\/p>\n<\/div><\/div><\/div><\/div><\/div><\/div><\/div><\/div><div data-slide-duration=\"0\" data-id=\"53\" data-slide-public-id=\"5\" aria-hidden=\"true\" data-title=\"Slide\" class=\"n2-ss-slide n2-ow  n2-ss-slide-53\"><div role=\"note\" class=\"n2-ss-slide--focus\" tabindex=\"-1\">Slide<\/div><div class=\"n2-ss-layers-container n2-ss-slide-limiter n2-ow\"><div class=\"n2-ss-layer n2-ow n-uc-dFFuJMETviSm\" data-sstype=\"slide\" data-pm=\"default\"><div class=\"n2-ss-layer n2-ow n-uc-VrkElwRXH2VE\" data-pm=\"default\" data-sstype=\"content\" data-hasbackground=\"1\"><div class=\"n2-ss-section-main-content n2-ss-layer-with-background n2-ss-layer-content n2-ow n-uc-VrkElwRXH2VE-inner\"><div class=\"n2-ss-layer n2-ow n-uc-UMFRB4ttm3WN n2-ss-layer--auto\" data-pm=\"normal\" data-sstype=\"layer\"><div id=\"n2-ss-10item9\" class=\"n2-font-d3a7e0301133fa80af0165e0a21f2f2c-hover   n2-ss-item-content n2-ss-text n2-ow\" style=\"display:inline-block;\">\u201cThat patch of moss was hiding something from me.\u201d<\/div><\/div><div class=\"n2-ss-layer n2-ow n-uc-HfidcHtPqZMm\" data-pm=\"normal\" data-sstype=\"layer\"><div class=\"n2-ss-item-content n2-ss-text n2-ow-all\"><div class=\"\"><p class=\"n2-font-a843b6be80f9abf7a6ee40a06a56d2d6-paragraph   \">\u2014 Ivy, lawyer<\/p>\n<\/div><\/div><\/div><\/div><\/div><\/div><\/div><\/div><div data-slide-duration=\"0\" data-id=\"54\" data-slide-public-id=\"6\" aria-hidden=\"true\" data-title=\"Slide\" class=\"n2-ss-slide n2-ow  n2-ss-slide-54\"><div role=\"note\" class=\"n2-ss-slide--focus\" tabindex=\"-1\">Slide<\/div><div class=\"n2-ss-layers-container n2-ss-slide-limiter n2-ow\"><div class=\"n2-ss-layer n2-ow n-uc-N28B6IJxdAYK\" data-sstype=\"slide\" data-pm=\"default\"><div class=\"n2-ss-layer n2-ow n-uc-RRq1duGn60Xj\" data-pm=\"default\" data-sstype=\"content\" data-hasbackground=\"1\"><div class=\"n2-ss-section-main-content n2-ss-layer-with-background n2-ss-layer-content n2-ow n-uc-RRq1duGn60Xj-inner\"><div class=\"n2-ss-layer n2-ow n-uc-9bUiVTSRJTKl n2-ss-layer--auto\" data-pm=\"normal\" data-sstype=\"layer\"><div id=\"n2-ss-10item11\" class=\"n2-font-d3a7e0301133fa80af0165e0a21f2f2c-hover   n2-ss-item-content n2-ss-text n2-ow\" style=\"display:inline-block;\">\u201cThey got in my way. How annoying.\u201d<\/div><\/div><div class=\"n2-ss-layer n2-ow n-uc-y98sKcPP5Cbu\" data-pm=\"normal\" data-sstype=\"layer\"><div class=\"n2-ss-item-content n2-ss-text n2-ow-all\"><div class=\"\"><p class=\"n2-font-a843b6be80f9abf7a6ee40a06a56d2d6-paragraph   \">\u2014 a mosquito<\/p>\n<\/div><\/div><\/div><\/div><\/div><\/div><\/div><\/div>                    <\/div>\n\n                                    <\/div>\n            <\/div>\n        <\/div>\n        <div class=\"n2-ss-slider-controls n2-ss-slider-controls-absolute-center-bottom\"><div style=\"--widget-offset:20px;\" class=\"n2-ss-widget n2-ss-control-bullet n2-ow-all n2-ss-control-bullet-horizontal\"><div class=\"n2-style-7a56c39aa04b2ae2b8dddc14ca1fc133-simple  nextend-bullet-bar n2-bar-justify-content-center\" role=\"group\" aria-label=\"Choose slide to display.\"><div class=\"n2-bullet n2-style-722f0746ca2c7b9e1b8bdc4bf2d143ed-dot \" style=\"visibility:hidden;\"><\/div><\/div><\/div><\/div><\/div><\/div><ss3-loader><\/ss3-loader><\/div><\/div><div class=\"n2_clear\"><\/div><\/div><\/ss3-force-full-width><\/div>","protected":false},"excerpt":{"rendered":"<p>You don&#8217;t have to hurry. I&#8217;ll slow you down anyway. Something in you works almost too well.That\u2019s why you keep adding more.Speed. Performance. Control.Until the whole system starts to break. And here\u2019s the thing.There\u2019s a strange kind of relief in that. This isn\u2019t about adding even more.Quite the opposite. But leave that to me. Expedition [&hellip;]<\/p>\n","protected":false},"author":2,"featured_media":0,"parent":0,"menu_order":0,"comment_status":"closed","ping_status":"closed","template":"","meta":{"footnotes":""},"class_list":["post-1374","page","type-page","status-publish","hentry"],"jetpack_sharing_enabled":true,"_links":{"self":[{"href":"https:\/\/www.evitaklimo.com\/en\/wp-json\/wp\/v2\/pages\/1374","targetHints":{"allow":["GET"]}}],"collection":[{"href":"https:\/\/www.evitaklimo.com\/en\/wp-json\/wp\/v2\/pages"}],"about":[{"href":"https:\/\/www.evitaklimo.com\/en\/wp-json\/wp\/v2\/types\/page"}],"author":[{"embeddable":true,"href":"https:\/\/www.evitaklimo.com\/en\/wp-json\/wp\/v2\/users\/2"}],"replies":[{"embeddable":true,"href":"https:\/\/www.evitaklimo.com\/en\/wp-json\/wp\/v2\/comments?post=1374"}],"version-history":[{"count":5,"href":"https:\/\/www.evitaklimo.com\/en\/wp-json\/wp\/v2\/pages\/1374\/revisions"}],"predecessor-version":[{"id":1521,"href":"https:\/\/www.evitaklimo.com\/en\/wp-json\/wp\/v2\/pages\/1374\/revisions\/1521"}],"wp:attachment":[{"href":"https:\/\/www.evitaklimo.com\/en\/wp-json\/wp\/v2\/media?parent=1374"}],"curies":[{"name":"wp","href":"https:\/\/api.w.org\/{rel}","templated":true}]}}