{"id":1339,"date":"2026-03-24T20:17:23","date_gmt":"2026-03-24T20:17:23","guid":{"rendered":"https:\/\/www.evitaklimo.com\/?page_id=1339"},"modified":"2026-04-12T07:20:58","modified_gmt":"2026-04-12T07:20:58","slug":"books","status":"publish","type":"page","link":"https:\/\/www.evitaklimo.com\/en\/books\/","title":{"rendered":"Books"},"content":{"rendered":"\n<div class=\"wp-block-group alignfull has-global-padding is-content-justification-center is-layout-constrained wp-container-core-group-is-layout-9f9d62a4 wp-block-group-is-layout-constrained\" style=\"padding-top:var(--wp--preset--spacing--50);padding-right:var(--wp--preset--spacing--50);padding-bottom:var(--wp--preset--spacing--50);padding-left:var(--wp--preset--spacing--50)\">\n<h2 class=\"wp-block-heading has-text-align-center has-large-font-size\">Not every story ends up as a book.<br><br><\/h2>\n\n\n\n<p class=\"has-text-align-center\" style=\"font-size:clamp(0.875rem, 0.875rem + ((1vw - 0.2rem) * 0.208), 1rem);\"><em>But some really insist.<\/em><\/p>\n<\/div>\n\n\n\n<div style=\"height:20px\" aria-hidden=\"true\" class=\"wp-block-spacer\"><\/div>\n\n\n\n<h4 class=\"wp-block-heading has-text-color has-link-color has-medium-font-size wp-elements-22108581486630d98f7f85b701ab7637\" style=\"color:#009999\"><strong>\u25cf FINISHED<\/strong><\/h4>\n\n\n\n<figure class=\"wp-block-image size-large\"><img loading=\"lazy\" decoding=\"async\" width=\"1024\" height=\"575\" src=\"https:\/\/www.evitaklimo.com\/wp-content\/uploads\/2026\/03\/Leonardo_Lightning_XL_A_stack_of_books_on_a_table_in_style_of_2-1-1024x575.jpg\" alt=\"\" class=\"wp-image-1237\" srcset=\"https:\/\/www.evitaklimo.com\/wp-content\/uploads\/2026\/03\/Leonardo_Lightning_XL_A_stack_of_books_on_a_table_in_style_of_2-1-1024x575.jpg 1024w, https:\/\/www.evitaklimo.com\/wp-content\/uploads\/2026\/03\/Leonardo_Lightning_XL_A_stack_of_books_on_a_table_in_style_of_2-1-300x168.jpg 300w, https:\/\/www.evitaklimo.com\/wp-content\/uploads\/2026\/03\/Leonardo_Lightning_XL_A_stack_of_books_on_a_table_in_style_of_2-1-768x431.jpg 768w, https:\/\/www.evitaklimo.com\/wp-content\/uploads\/2026\/03\/Leonardo_Lightning_XL_A_stack_of_books_on_a_table_in_style_of_2-1-18x10.jpg 18w, https:\/\/www.evitaklimo.com\/wp-content\/uploads\/2026\/03\/Leonardo_Lightning_XL_A_stack_of_books_on_a_table_in_style_of_2-1-600x337.jpg 600w, https:\/\/www.evitaklimo.com\/wp-content\/uploads\/2026\/03\/Leonardo_Lightning_XL_A_stack_of_books_on_a_table_in_style_of_2-1.jpg 1368w\" sizes=\"auto, (max-width: 1024px) 100vw, 1024px\" \/><\/figure>\n\n\n\n<div style=\"height:20px\" aria-hidden=\"true\" class=\"wp-block-spacer\"><\/div>\n\n\n\n<h5 class=\"wp-block-heading has-large-font-size\"><strong>Najd\u00f4le\u017eitej\u0161ia kniha o ni\u010dom<\/strong><br><em><strong>(The Most Important Book About Nothing<\/strong>)<\/em> \ud83c\uddf8\ud83c\uddf0 <\/h5>\n\n\n\n<p style=\"line-height:1\">The book you don&#8217;t need until you do.<\/p>\n\n\n\n<p style=\"line-height:1\">Desperately.<\/p>\n\n\n\n<div class=\"wp-block-buttons is-layout-flex wp-block-buttons-is-layout-flex\">\n<div class=\"wp-block-button has-custom-width wp-block-button__width-25 is-style-fill\"><a class=\"wp-block-button__link has-background has-small-font-size has-custom-font-size wp-element-button\" href=\"https:\/\/www.evitaklimo.com\/en\/books\/the-most-important-book-about-nothing\/\" style=\"border-top-left-radius:100px;border-top-right-radius:100px;border-bottom-left-radius:100px;border-bottom-right-radius:100px;background-color:#009999\">MORE<\/a><\/div>\n<\/div>\n\n\n\n<div style=\"height:60px\" aria-hidden=\"true\" class=\"wp-block-spacer\"><\/div>\n\n\n\n<h4 class=\"wp-block-heading has-contrast-3-color has-text-color has-link-color has-medium-font-size wp-elements-23e91ec310da3a2bbda0792887a3dd09\">\u25d0 BECOMING<\/h4>\n\n\n\n<figure class=\"wp-block-image size-large\"><img loading=\"lazy\" decoding=\"async\" width=\"1024\" height=\"575\" src=\"https:\/\/www.evitaklimo.com\/wp-content\/uploads\/2026\/03\/Leonardo_Lightning_XL_creative_writing_desk_with_open_books_sc_2-1024x575.jpg\" alt=\"\" class=\"wp-image-1249\" srcset=\"https:\/\/www.evitaklimo.com\/wp-content\/uploads\/2026\/03\/Leonardo_Lightning_XL_creative_writing_desk_with_open_books_sc_2-1024x575.jpg 1024w, https:\/\/www.evitaklimo.com\/wp-content\/uploads\/2026\/03\/Leonardo_Lightning_XL_creative_writing_desk_with_open_books_sc_2-300x168.jpg 300w, https:\/\/www.evitaklimo.com\/wp-content\/uploads\/2026\/03\/Leonardo_Lightning_XL_creative_writing_desk_with_open_books_sc_2-768x431.jpg 768w, https:\/\/www.evitaklimo.com\/wp-content\/uploads\/2026\/03\/Leonardo_Lightning_XL_creative_writing_desk_with_open_books_sc_2-18x10.jpg 18w, https:\/\/www.evitaklimo.com\/wp-content\/uploads\/2026\/03\/Leonardo_Lightning_XL_creative_writing_desk_with_open_books_sc_2-600x337.jpg 600w, https:\/\/www.evitaklimo.com\/wp-content\/uploads\/2026\/03\/Leonardo_Lightning_XL_creative_writing_desk_with_open_books_sc_2.jpg 1368w\" sizes=\"auto, (max-width: 1024px) 100vw, 1024px\" \/><\/figure>\n\n\n\n<div style=\"height:20px\" aria-hidden=\"true\" class=\"wp-block-spacer\"><\/div>\n\n\n\n<h5 class=\"wp-block-heading has-large-font-size\">Rea: The Fire Within<\/h5>\n\n\n\n<p style=\"line-height:1\">They killed her husband.<\/p>\n\n\n\n<p style=\"line-height:1\">Then woke something far more dangerous in her.<\/p>\n\n\n\n<div class=\"wp-block-buttons is-layout-flex wp-block-buttons-is-layout-flex\">\n<div class=\"wp-block-button has-custom-width wp-block-button__width-25 is-style-fill\"><a class=\"wp-block-button__link has-background has-small-font-size has-custom-font-size wp-element-button\" href=\"https:\/\/www.evitaklimo.com\/en\/books\/rea-the-fire-within\/\" style=\"border-top-left-radius:100px;border-top-right-radius:100px;border-bottom-left-radius:100px;border-bottom-right-radius:100px;background-color:#009999\">MORE<\/a><\/div>\n<\/div>\n\n\n\n<div style=\"height:60px\" aria-hidden=\"true\" class=\"wp-block-spacer\"><\/div>\n\n\n\n<h4 class=\"wp-block-heading has-contrast-3-color has-text-color has-link-color has-medium-font-size wp-elements-f19822a7c41f8e755e6d47a9a53c7c03\">\u25cb OPEN<\/h4>\n\n\n\n<figure class=\"wp-block-image size-large\"><img loading=\"lazy\" decoding=\"async\" width=\"1024\" height=\"575\" src=\"https:\/\/www.evitaklimo.com\/wp-content\/uploads\/2026\/03\/Leonardo_Lightning_XL_open_notebook_on_a_wooden_table_on_page_2-1024x575.jpg\" alt=\"\" class=\"wp-image-1250\" srcset=\"https:\/\/www.evitaklimo.com\/wp-content\/uploads\/2026\/03\/Leonardo_Lightning_XL_open_notebook_on_a_wooden_table_on_page_2-1024x575.jpg 1024w, https:\/\/www.evitaklimo.com\/wp-content\/uploads\/2026\/03\/Leonardo_Lightning_XL_open_notebook_on_a_wooden_table_on_page_2-300x168.jpg 300w, https:\/\/www.evitaklimo.com\/wp-content\/uploads\/2026\/03\/Leonardo_Lightning_XL_open_notebook_on_a_wooden_table_on_page_2-768x431.jpg 768w, https:\/\/www.evitaklimo.com\/wp-content\/uploads\/2026\/03\/Leonardo_Lightning_XL_open_notebook_on_a_wooden_table_on_page_2-18x10.jpg 18w, https:\/\/www.evitaklimo.com\/wp-content\/uploads\/2026\/03\/Leonardo_Lightning_XL_open_notebook_on_a_wooden_table_on_page_2-600x337.jpg 600w, https:\/\/www.evitaklimo.com\/wp-content\/uploads\/2026\/03\/Leonardo_Lightning_XL_open_notebook_on_a_wooden_table_on_page_2.jpg 1368w\" sizes=\"auto, (max-width: 1024px) 100vw, 1024px\" \/><\/figure>\n\n\n\n<div style=\"height:20px\" aria-hidden=\"true\" class=\"wp-block-spacer\"><\/div>\n\n\n\n<h5 class=\"wp-block-heading has-large-font-size\">Realistick\u00fd recept\u00e1r sk\u00fasenej matere<br><em>(A Raw Unfiltered Cookbook by an Experienced Mother. No Sugar-Coating.)<\/em>  \ud83c\uddf8\ud83c\uddf0<\/h5>\n\n\n\n<p style=\"line-height:1\">Most recipes start with ingredients.<\/p>\n\n\n\n<p style=\"line-height:1\">These start with reality.<\/p>\n\n\n\n<div class=\"wp-block-buttons is-layout-flex wp-block-buttons-is-layout-flex\">\n<div class=\"wp-block-button has-custom-width wp-block-button__width-25 is-style-fill\"><a class=\"wp-block-button__link has-background has-small-font-size has-custom-font-size wp-element-button\" href=\"https:\/\/www.evitaklimo.com\/en\/books\/cookbook\/\" style=\"border-top-left-radius:100px;border-top-right-radius:100px;border-bottom-left-radius:100px;border-bottom-right-radius:100px;background-color:#009999\">MORE<\/a><\/div>\n<\/div>\n\n\n\n<div style=\"height:20px\" aria-hidden=\"true\" class=\"wp-block-spacer\"><\/div>\n\n\n\n<h5 class=\"wp-block-heading has-large-font-size\">Toby and the River That Looked Scary<\/h5>\n\n\n\n<p>Friends are on the other side of the river. <\/p>\n\n\n\n<p>Toby is afraid to cross. How will he get there?<\/p>\n\n\n\n<div class=\"wp-block-buttons is-layout-flex wp-block-buttons-is-layout-flex\">\n<div class=\"wp-block-button has-custom-width wp-block-button__width-25 is-style-fill\"><a class=\"wp-block-button__link has-background has-small-font-size has-custom-font-size wp-element-button\" href=\"https:\/\/www.evitaklimo.com\/en\/books\/toby-and-the-river-that-looked-scary\/\" style=\"border-top-left-radius:100px;border-top-right-radius:100px;border-bottom-left-radius:100px;border-bottom-right-radius:100px;background-color:#009999\">MORE<\/a><\/div>\n<\/div>\n\n\n\n<div style=\"height:20px\" aria-hidden=\"true\" class=\"wp-block-spacer\"><\/div>\n\n\n\n<h5 class=\"wp-block-heading has-large-font-size\">Ako sa pripravi\u0165 na triatlon a nezomrie\u0165 pri tom<br><em>(How to Train for a Triathlon Without Dying. For Mothers Who Keep Getting Interrupted.)<\/em> \ud83c\uddf8\ud83c\uddf0<\/h5>\n\n\n\n<p style=\"line-height:1\">A motivational book for mothers who want, will, and can.<\/p>\n\n\n\n<p style=\"line-height:1\">Until life gets in the way.<\/p>\n\n\n\n<div class=\"wp-block-buttons is-layout-flex wp-block-buttons-is-layout-flex\">\n<div class=\"wp-block-button has-custom-width wp-block-button__width-25 is-style-fill\"><a class=\"wp-block-button__link has-background has-small-font-size has-custom-font-size wp-element-button\" href=\"https:\/\/www.evitaklimo.com\/en\/books\/how-to-train-for-a-triathlon\/\" style=\"border-top-left-radius:100px;border-top-right-radius:100px;border-bottom-left-radius:100px;border-bottom-right-radius:100px;background-color:#009999\">MORE<\/a><\/div>\n<\/div>\n\n\n\n<div style=\"height:100px\" aria-hidden=\"true\" class=\"wp-block-spacer\"><\/div>\n\n\n<div class=\"n2_clear\"><ss3-force-full-width data-overflow-x=\"body\" data-horizontal-selector=\"body\"><div class=\"n2-section-smartslider fitvidsignore  n2_clear\" data-ssid=\"4\"><div id=\"n2-ss-4-align\" class=\"n2-ss-align\"><div class=\"n2-padding\"><div id=\"n2-ss-4\" data-creator=\"Smart Slider 3\" data-responsive=\"fullwidth\" class=\"n2-ss-slider n2-ow n2-has-hover n2notransition  \">\n\n\n\n\n\n<div class=\"n2-ss-slider-wrapper-inside\">\n        <div class=\"n2-ss-slider-1 n2_ss__touch_element n2-ow\">\n            <div class=\"n2-ss-slider-2 n2-ow\">\n                                                <div class=\"n2-ss-slider-3 n2-ow\">\n\n                    <div class=\"n2-ss-slide-backgrounds n2-ow-all\"><div class=\"n2-ss-slide-background\" data-public-id=\"1\" data-mode=\"fill\"><div data-color=\"RGBA(255,255,255,0)\" style=\"background-color: RGBA(255,255,255,0);\" class=\"n2-ss-slide-background-color\"><\/div><\/div><div class=\"n2-ss-slide-background\" data-public-id=\"2\" data-mode=\"fill\" aria-hidden=\"true\"><div data-color=\"RGBA(255,255,255,0)\" style=\"background-color: RGBA(255,255,255,0);\" class=\"n2-ss-slide-background-color\"><\/div><\/div><div class=\"n2-ss-slide-background\" data-public-id=\"3\" data-mode=\"fill\" aria-hidden=\"true\"><div data-color=\"RGBA(255,255,255,0)\" style=\"background-color: RGBA(255,255,255,0);\" class=\"n2-ss-slide-background-color\"><\/div><\/div><div class=\"n2-ss-slide-background\" data-public-id=\"4\" data-mode=\"fill\" aria-hidden=\"true\"><div data-color=\"RGBA(255,255,255,0)\" style=\"background-color: RGBA(255,255,255,0);\" class=\"n2-ss-slide-background-color\"><\/div><\/div><div class=\"n2-ss-slide-background\" data-public-id=\"5\" data-mode=\"fill\" aria-hidden=\"true\"><div data-color=\"RGBA(255,255,255,0)\" style=\"background-color: RGBA(255,255,255,0);\" class=\"n2-ss-slide-background-color\"><\/div><\/div><div class=\"n2-ss-slide-background\" data-public-id=\"6\" data-mode=\"fill\" aria-hidden=\"true\"><div data-color=\"RGBA(255,255,255,0)\" style=\"background-color: RGBA(255,255,255,0);\" class=\"n2-ss-slide-background-color\"><\/div><\/div><\/div>                    <div class=\"n2-ss-slider-4 n2-ow\">\n                        <svg xmlns=\"http:\/\/www.w3.org\/2000\/svg\" viewBox=\"0 0 1200 300\" data-related-device=\"desktopPortrait\" class=\"n2-ow n2-ss-preserve-size n2-ss-preserve-size--slider n2-ss-slide-limiter\"><\/svg><div data-first=\"1\" data-slide-duration=\"0\" data-id=\"11\" data-slide-public-id=\"1\" data-title=\"Slide\" class=\"n2-ss-slide n2-ow  n2-ss-slide-11\"><div role=\"note\" class=\"n2-ss-slide--focus\" tabindex=\"-1\">Slide<\/div><div class=\"n2-ss-layers-container n2-ss-slide-limiter n2-ow\"><div class=\"n2-ss-layer n2-ow n-uc-PuDJWNe6LwD1\" data-sstype=\"slide\" data-pm=\"default\"><div class=\"n2-ss-layer n2-ow n-uc-IPynYff8569E\" data-pm=\"default\" data-sstype=\"content\" data-hasbackground=\"1\"><div class=\"n2-ss-section-main-content n2-ss-layer-with-background n2-ss-layer-content n2-ow n-uc-IPynYff8569E-inner\"><div class=\"n2-ss-layer n2-ow n-uc-Aqs1NAtCeYxG n2-ss-layer--auto\" data-pm=\"normal\" data-sstype=\"layer\"><div id=\"n2-ss-4item1\" class=\"n2-font-d3a7e0301133fa80af0165e0a21f2f2c-hover   n2-ss-item-content n2-ss-text n2-ow\" style=\"display:inline-block;\">\u201eNi\u010d sa tam nestalo. A aj tak som si odd\u00fdchol.\u201c<\/div><\/div><div class=\"n2-ss-layer n2-ow n-uc-VXZogLcTrtkU\" data-pm=\"normal\" data-sstype=\"layer\"><div class=\"n2-ss-item-content n2-ss-text n2-ow-all\"><div class=\"\"><p class=\"n2-font-a843b6be80f9abf7a6ee40a06a56d2d6-paragraph   \">\u2014 Peter.<\/p>\n<\/div><\/div><\/div><\/div><\/div><\/div><\/div><\/div><div data-slide-duration=\"0\" data-id=\"12\" data-slide-public-id=\"2\" aria-hidden=\"true\" data-title=\"Slide\" class=\"n2-ss-slide n2-ow  n2-ss-slide-12\"><div role=\"note\" class=\"n2-ss-slide--focus\" tabindex=\"-1\">Slide<\/div><div class=\"n2-ss-layers-container n2-ss-slide-limiter n2-ow\"><div class=\"n2-ss-layer n2-ow n-uc-SxBh01uk4fAX\" data-sstype=\"slide\" data-pm=\"default\"><div class=\"n2-ss-layer n2-ow n-uc-xgFhYuhSHx1B\" data-pm=\"default\" data-sstype=\"content\" data-hasbackground=\"1\"><div class=\"n2-ss-section-main-content n2-ss-layer-with-background n2-ss-layer-content n2-ow n-uc-xgFhYuhSHx1B-inner\"><div class=\"n2-ss-layer n2-ow n-uc-a84LZXtaECS7 n2-ss-layer--auto\" data-pm=\"normal\" data-sstype=\"layer\"><div id=\"n2-ss-4item3\" class=\"n2-font-d3a7e0301133fa80af0165e0a21f2f2c-hover   n2-ss-item-content n2-ss-text n2-ow\" style=\"display:inline-block;\">\u201eRealita fungovala. Recept u\u017e menej.\u201c<\/div><\/div><div class=\"n2-ss-layer n2-ow n-uc-EEqj9VYBLh3j\" data-pm=\"normal\" data-sstype=\"layer\"><div class=\"n2-ss-item-content n2-ss-text n2-ow-all\"><div class=\"\"><p class=\"n2-font-a843b6be80f9abf7a6ee40a06a56d2d6-paragraph   \">\u2014 matka 5 chlapcov<\/p>\n<\/div><\/div><\/div><\/div><\/div><\/div><\/div><\/div><div data-slide-duration=\"0\" data-id=\"13\" data-slide-public-id=\"3\" aria-hidden=\"true\" data-title=\"Slide\" class=\"n2-ss-slide n2-ow  n2-ss-slide-13\"><div role=\"note\" class=\"n2-ss-slide--focus\" tabindex=\"-1\">Slide<\/div><div class=\"n2-ss-layers-container n2-ss-slide-limiter n2-ow\"><div class=\"n2-ss-layer n2-ow n-uc-T2EqH6eEKiKY\" data-sstype=\"slide\" data-pm=\"default\"><div class=\"n2-ss-layer n2-ow n-uc-FCx1bUm2twq7\" data-pm=\"default\" data-sstype=\"content\" data-hasbackground=\"1\"><div class=\"n2-ss-section-main-content n2-ss-layer-with-background n2-ss-layer-content n2-ow n-uc-FCx1bUm2twq7-inner\"><div class=\"n2-ss-layer n2-ow n-uc-iQE9OsWG5vH3 n2-ss-layer--auto\" data-pm=\"normal\" data-sstype=\"layer\"><div id=\"n2-ss-4item5\" class=\"n2-font-d3a7e0301133fa80af0165e0a21f2f2c-hover   n2-ss-item-content n2-ss-text n2-ow\" style=\"display:inline-block;\">\u201e\u010c\u00edtali sme to trikr\u00e1t za sebou. Druh\u00fdkr\u00e1t u\u017e bez revu.\u201c<\/div><\/div><div class=\"n2-ss-layer n2-ow n-uc-mkstz22tDJ3U\" data-pm=\"normal\" data-sstype=\"layer\"><div class=\"n2-ss-item-content n2-ss-text n2-ow-all\"><div class=\"\"><p class=\"n2-font-a843b6be80f9abf7a6ee40a06a56d2d6-paragraph   \">\u2014 mama, ktor\u00e1 u\u017e sk\u00fa\u0161ala naozaj v\u0161etko<\/p>\n<\/div><\/div><\/div><\/div><\/div><\/div><\/div><\/div><div data-slide-duration=\"0\" data-id=\"14\" data-slide-public-id=\"4\" aria-hidden=\"true\" data-title=\"Slide\" class=\"n2-ss-slide n2-ow  n2-ss-slide-14\"><div role=\"note\" class=\"n2-ss-slide--focus\" tabindex=\"-1\">Slide<\/div><div class=\"n2-ss-layers-container n2-ss-slide-limiter n2-ow\"><div class=\"n2-ss-layer n2-ow n-uc-4FAypknFB7Be\" data-sstype=\"slide\" data-pm=\"default\"><div class=\"n2-ss-layer n2-ow n-uc-3HvkseV9vf5y\" data-pm=\"default\" data-sstype=\"content\" data-hasbackground=\"1\"><div class=\"n2-ss-section-main-content n2-ss-layer-with-background n2-ss-layer-content n2-ow n-uc-3HvkseV9vf5y-inner\"><div class=\"n2-ss-layer n2-ow n-uc-1CQxEAmpbs97 n2-ss-layer--auto\" data-pm=\"normal\" data-sstype=\"layer\"><div id=\"n2-ss-4item7\" class=\"n2-font-d3a7e0301133fa80af0165e0a21f2f2c-hover   n2-ss-item-content n2-ss-text n2-ow\" style=\"display:inline-block;\">\u201eMysl\u00edte, \u017ee ak budem dos\u0165 tr\u00e9nova\u0165, budem aj ja vedie\u0165 ovl\u00e1da\u0165 ohe\u0148?\u201c<\/div><\/div><div class=\"n2-ss-layer n2-ow n-uc-YdrzKZl3gtYB\" data-pm=\"normal\" data-sstype=\"layer\"><div class=\"n2-ss-item-content n2-ss-text n2-ow-all\"><div class=\"\"><p class=\"n2-font-a843b6be80f9abf7a6ee40a06a56d2d6-paragraph   \">\u2014 43-ro\u010dn\u00e1 romanti\u010dka s iskrou v oku<\/p>\n<\/div><\/div><\/div><\/div><\/div><\/div><\/div><\/div><div data-slide-duration=\"0\" data-id=\"15\" data-slide-public-id=\"5\" aria-hidden=\"true\" data-title=\"Slide\" class=\"n2-ss-slide n2-ow  n2-ss-slide-15\"><div role=\"note\" class=\"n2-ss-slide--focus\" tabindex=\"-1\">Slide<\/div><div class=\"n2-ss-layers-container n2-ss-slide-limiter n2-ow\"><div class=\"n2-ss-layer n2-ow n-uc-CZbucfHg4ZiQ\" data-sstype=\"slide\" data-pm=\"default\"><div class=\"n2-ss-layer n2-ow n-uc-SQ016nOgr3C4\" data-pm=\"default\" data-sstype=\"content\" data-hasbackground=\"1\"><div class=\"n2-ss-section-main-content n2-ss-layer-with-background n2-ss-layer-content n2-ow n-uc-SQ016nOgr3C4-inner\"><div class=\"n2-ss-layer n2-ow n-uc-N9mA8QvD3VZt n2-ss-layer--auto\" data-pm=\"normal\" data-sstype=\"layer\"><div id=\"n2-ss-4item9\" class=\"n2-font-d3a7e0301133fa80af0165e0a21f2f2c-hover   n2-ss-item-content n2-ss-text n2-ow\" style=\"display:inline-block;\">\u201eTak d\u00edk. Teraz budem v pr\u00e1ci nevyspat\u00e1.\u201c<\/div><\/div><div class=\"n2-ss-layer n2-ow n-uc-kIBE0wJcqiNB\" data-pm=\"normal\" data-sstype=\"layer\"><div class=\"n2-ss-item-content n2-ss-text n2-ow-all\"><div class=\"\"><p class=\"n2-font-a843b6be80f9abf7a6ee40a06a56d2d6-paragraph   \">\u2014 Kl\u00e1ra, ktor\u00e1 si chcela pre\u010d\u00edta\u0165 iba jednu kapitolu<\/p>\n<\/div><\/div><\/div><\/div><\/div><\/div><\/div><\/div><div data-slide-duration=\"0\" data-id=\"16\" data-slide-public-id=\"6\" aria-hidden=\"true\" data-title=\"Slide\" class=\"n2-ss-slide n2-ow  n2-ss-slide-16\"><div role=\"note\" class=\"n2-ss-slide--focus\" tabindex=\"-1\">Slide<\/div><div class=\"n2-ss-layers-container n2-ss-slide-limiter n2-ow\"><div class=\"n2-ss-layer n2-ow n-uc-gbCRCZcF6iNc\" data-sstype=\"slide\" data-pm=\"default\"><div class=\"n2-ss-layer n2-ow n-uc-BgqC15Erpwh5\" data-pm=\"default\" data-sstype=\"content\" data-hasbackground=\"1\"><div class=\"n2-ss-section-main-content n2-ss-layer-with-background n2-ss-layer-content n2-ow n-uc-BgqC15Erpwh5-inner\"><div class=\"n2-ss-layer n2-ow n-uc-Kc90FZ25You5 n2-ss-layer--auto\" data-pm=\"normal\" data-sstype=\"layer\"><div id=\"n2-ss-4item11\" class=\"n2-font-d3a7e0301133fa80af0165e0a21f2f2c-hover   n2-ss-item-content n2-ss-text n2-ow\" style=\"display:inline-block;\">\u201eVyd\u00fdchal mi pri tom v\u0161etok kysl\u00edk.\u201c<\/div><\/div><div class=\"n2-ss-layer n2-ow n-uc-H8zJjiMux0YB\" data-pm=\"normal\" data-sstype=\"layer\"><div class=\"n2-ss-item-content n2-ss-text n2-ow-all\"><div class=\"\"><p class=\"n2-font-a843b6be80f9abf7a6ee40a06a56d2d6-paragraph   \">\u2014 Monstera, izbov\u00e1 rastlina<\/p>\n<\/div><\/div><\/div><\/div><\/div><\/div><\/div><\/div>                    <\/div>\n\n                                    <\/div>\n            <\/div>\n        <\/div>\n        <div class=\"n2-ss-slider-controls n2-ss-slider-controls-absolute-center-bottom\"><div style=\"--widget-offset:20px;\" class=\"n2-ss-widget n2-ss-control-bullet n2-ow-all n2-ss-control-bullet-horizontal\"><div class=\"n2-style-7a56c39aa04b2ae2b8dddc14ca1fc133-simple  nextend-bullet-bar n2-bar-justify-content-center\" role=\"group\" aria-label=\"Choose slide to display.\"><div class=\"n2-bullet n2-style-722f0746ca2c7b9e1b8bdc4bf2d143ed-dot \" style=\"visibility:hidden;\"><\/div><\/div><\/div><\/div><\/div><\/div><ss3-loader><\/ss3-loader><\/div><\/div><div class=\"n2_clear\"><\/div><\/div><\/ss3-force-full-width><\/div>","protected":false},"excerpt":{"rendered":"<p>Not every story ends up as a book. But some really insist. \u25cf FINISHED Najd\u00f4le\u017eitej\u0161ia kniha o ni\u010dom(The Most Important Book About Nothing) \ud83c\uddf8\ud83c\uddf0 The book you don&#8217;t need until you do. Desperately. \u25d0 BECOMING Rea: The Fire Within They killed her husband. Then woke something far more dangerous in her. \u25cb OPEN Realistick\u00fd recept\u00e1r [&hellip;]<\/p>\n","protected":false},"author":1,"featured_media":0,"parent":0,"menu_order":0,"comment_status":"closed","ping_status":"closed","template":"","meta":{"footnotes":""},"class_list":["post-1339","page","type-page","status-publish","hentry"],"jetpack_sharing_enabled":true,"_links":{"self":[{"href":"https:\/\/www.evitaklimo.com\/en\/wp-json\/wp\/v2\/pages\/1339","targetHints":{"allow":["GET"]}}],"collection":[{"href":"https:\/\/www.evitaklimo.com\/en\/wp-json\/wp\/v2\/pages"}],"about":[{"href":"https:\/\/www.evitaklimo.com\/en\/wp-json\/wp\/v2\/types\/page"}],"author":[{"embeddable":true,"href":"https:\/\/www.evitaklimo.com\/en\/wp-json\/wp\/v2\/users\/1"}],"replies":[{"embeddable":true,"href":"https:\/\/www.evitaklimo.com\/en\/wp-json\/wp\/v2\/comments?post=1339"}],"version-history":[{"count":16,"href":"https:\/\/www.evitaklimo.com\/en\/wp-json\/wp\/v2\/pages\/1339\/revisions"}],"predecessor-version":[{"id":1597,"href":"https:\/\/www.evitaklimo.com\/en\/wp-json\/wp\/v2\/pages\/1339\/revisions\/1597"}],"wp:attachment":[{"href":"https:\/\/www.evitaklimo.com\/en\/wp-json\/wp\/v2\/media?parent=1339"}],"curies":[{"name":"wp","href":"https:\/\/api.w.org\/{rel}","templated":true}]}}